{"id":63102,"date":"2024-09-23T11:45:36","date_gmt":"2024-09-23T09:45:36","guid":{"rendered":"https:\/\/eafinia.com\/?page_id=63102"},"modified":"2025-12-04T12:02:31","modified_gmt":"2025-12-04T11:02:31","slug":"widerrufsrecht","status":"publish","type":"page","link":"https:\/\/eafinia.com\/de\/widerrufsrecht\/","title":{"rendered":"Widerrufsrecht"},"content":{"rendered":"\n<p><\/p>\n\n\n\n<h2 class=\"wp-block-heading\"><\/h2>\n\n\n<div class=\"gb-container gb-container-753dc4ea\"><div class=\"gb-inside-container\">\n\n<p>Unsere Angebote gelten ausschlie\u00dflich f\u00fcr&nbsp;<strong>gewerbliche Kunden, Selbst\u00e4ndige und Freiberufler<\/strong>.<br>Deshalb gilt das Fernabsatzgesetz mit dem&nbsp;<strong>14-t\u00e4gigen Widerrufsrecht<\/strong>&nbsp;bei Bestellungen&nbsp;<strong>nicht<\/strong>.<\/p>\n\n\n\n<p>Wir bedauern Ihnen mitteilen zu m\u00fcssen, dass wir&nbsp;<strong>keine Onlineauftr\u00e4ge von Privatpersonen<\/strong>&nbsp;ausf\u00fchren k\u00f6nnen.<br>Mit der Abgabe eines Kaufvertrages best\u00e4tigen Sie, dass Sie unsere Allgemeinen Gesch\u00e4ftsbedingungen anerkennen und&nbsp;<strong>als gewerblicher Kunde bestellen<\/strong>.<\/p>\n\n\n\n<p>Der Verk\u00e4ufer beh\u00e4lt sich vor, einen&nbsp;<strong>Nachweis der unternehmerischen T\u00e4tigkeit<\/strong>&nbsp;zu verlangen.<\/p>\n\n\n\n<p>Die Preise im Onlineshop sind&nbsp;<strong>Bruttopreise in Euro inklusive der gesetzlichen Mehrwertsteuer<\/strong>.<\/p>\n\n<\/div><\/div>\n\n\n<p><\/p>\n","protected":false},"excerpt":{"rendered":"<p>Unsere Angebote gelten ausschlie\u00dflich f\u00fcr&nbsp;gewerbliche Kunden, Selbst\u00e4ndige und Freiberufler.Deshalb gilt das Fernabsatzgesetz mit dem&nbsp;14-t\u00e4gigen Widerrufsrecht&nbsp;bei Bestellungen&nbsp;nicht. Wir bedauern Ihnen mitteilen zu m\u00fcssen, dass wir&nbsp;keine Onlineauftr\u00e4ge von Privatpersonen&nbsp;ausf\u00fchren k\u00f6nnen.Mit der Abgabe eines Kaufvertrages best\u00e4tigen Sie, dass Sie unsere Allgemeinen Gesch\u00e4ftsbedingungen anerkennen und&nbsp;als gewerblicher Kunde bestellen. Der Verk\u00e4ufer beh\u00e4lt sich vor, einen&nbsp;Nachweis der unternehmerischen T\u00e4tigkeit&nbsp;zu verlangen. Die &#8230; <a title=\"Widerrufsrecht\" class=\"read-more\" href=\"https:\/\/eafinia.com\/de\/widerrufsrecht\/\" aria-label=\"Mehr Informationen \u00fcber Widerrufsrecht\">Weiterlesen &#8230;<\/a><\/p>\n","protected":false},"author":2,"featured_media":0,"parent":0,"menu_order":0,"comment_status":"closed","ping_status":"open","template":"","meta":{"_acf_changed":false,"inline_featured_image":false,"footnotes":""},"class_list":["post-63102","page","type-page","status-publish"],"acf":[],"_links":{"self":[{"href":"https:\/\/eafinia.com\/de\/wp-json\/wp\/v2\/pages\/63102","targetHints":{"allow":["GET"]}}],"collection":[{"href":"https:\/\/eafinia.com\/de\/wp-json\/wp\/v2\/pages"}],"about":[{"href":"https:\/\/eafinia.com\/de\/wp-json\/wp\/v2\/types\/page"}],"author":[{"embeddable":true,"href":"https:\/\/eafinia.com\/de\/wp-json\/wp\/v2\/users\/2"}],"replies":[{"embeddable":true,"href":"https:\/\/eafinia.com\/de\/wp-json\/wp\/v2\/comments?post=63102"}],"version-history":[{"count":3,"href":"https:\/\/eafinia.com\/de\/wp-json\/wp\/v2\/pages\/63102\/revisions"}],"predecessor-version":[{"id":68432,"href":"https:\/\/eafinia.com\/de\/wp-json\/wp\/v2\/pages\/63102\/revisions\/68432"}],"wp:attachment":[{"href":"https:\/\/eafinia.com\/de\/wp-json\/wp\/v2\/media?parent=63102"}],"curies":[{"name":"wp","href":"https:\/\/api.w.org\/{rel}","templated":true}]}}