{"id":53790,"date":"2023-06-24T23:30:08","date_gmt":"2023-06-24T21:30:08","guid":{"rendered":"https:\/\/eafinia.com\/?page_id=53790"},"modified":"2023-08-02T18:53:40","modified_gmt":"2023-08-02T16:53:40","slug":"gdpr","status":"publish","type":"page","link":"https:\/\/eafinia.com\/de\/gdpr\/","title":{"rendered":"GDPR"},"content":{"rendered":"<div class=\"gb-container gb-container-fdc07f91\"><div class=\"gb-inside-container\">\n\n<p>Informationen f\u00fcr Kunden der Beauty Partners Adrian Szmelter betreffend der Verarbeitung personenbezogener Daten<\/p>\n\n\n\n<p>Ab dem 25. Mai 2018 trat die Verordnung (EU) 2016\/679 des Europ\u00e4ischen Parlaments und des Rates vom 27. April 2016 zum Schutz nat\u00fcrlicher Personen bei der Verarbeitung personenbezogener Daten und zum freien Datenverkehr und zur Aufhebung der Richtlinie 95\/46\/EG (allgemeine Datenschutzverordnung), im Folgenden Verordnung genannt, in Kraft.<\/p>\n\n\n\n<p>In diesem Zusammenhang m\u00f6chten wir Sie dar\u00fcber informieren, dass Kunden ab dem 25. Mai 2018 die folgenden Rechte hinsichtlich der Verarbeitung personenbezogener Daten durch die Beauty Partners Adrian Szmelter haben und dass die folgenden Informationen und Grunds\u00e4tze zur Datenverarbeitung gelten.<\/p>\n\n\n\n<p>I. Verantwortlicher f\u00fcr die Verarbeitung personenbezogener Daten Verantwortlicher f\u00fcr Ihre personenbezogenen Daten ist die Firma Beauty Partners Adrian Szmelter mit Sitz im Gr\u00fcner Weg 42, in Bochum (44791), Deutschland, E-Mail-Adresse: <a href=\"mailto:kontakt@eafinia.com\">kontakt@eafinia.com<\/a>, Hotline: +49 1739041806.<\/p>\n\n\n\n<p>II. Zwecke der Verarbeitung personenbezogener Daten Der Zweck der Verarbeitung Ihrer personenbezogenen Daten durch die Beauty Partners Adrian Szmelter ist die Versendung von Handelsangeboten, die Erstellung von Kostenvoranschl\u00e4gen, die Annahme von Auftr\u00e4gen und deren Bearbeitung.<\/p>\n\n\n\n<p>III. Informationen \u00fcber die gesammelten personenbezogenen Daten Die Beauty Partners Adrian Szmelter informiert Sie, dass sie die folgenden personenbezogenen Daten sammelt: Vorname, Nachname, Lieferadresse, Daten f\u00fcr die Rechnungsstellung, Telefonnummer, E-Mail-Adresse. IV. Empf\u00e4nger der personenbezogenen Daten Die von Ihnen bereitgestellten Daten werden nicht an Dritte weitergegeben. Empf\u00e4nger der Daten sind gesetzlich autorisierte Institutionen, Versandunternehmen und Partner bei der Auftragsabwicklung.<\/p>\n\n\n\n<p>Der Verantwortliche hat nicht die Absicht, personenbezogene Daten an ein Drittland oder eine internationale Organisation zu \u00fcbermitteln.<\/p>\n\n\n\n<p>V. Dauer der Speicherung personenbezogener Daten Personenbezogene Daten werden f\u00fcr die Dauer der Gesch\u00e4ftst\u00e4tigkeit des Unternehmens aufbewahrt. VI. Rechte der betroffenen Personen In Bezug auf die Verarbeitung personenbezogener Daten durch die Beauty Partners Adrian Szmelter haben Sie das Recht auf: Zugang zu den Daten, Berichtigung der Daten, L\u00f6schung der Daten, Einschr\u00e4nkung der Datenverarbeitung, Daten\u00fcbertragbarkeit, Widerspruch gegen die Datenverarbeitung. Um von den oben genannten Rechten Gebrauch zu machen, senden Sie bitte eine Nachricht an die E-Mail-Adresse: <a href=\"mailto:kontakt@eafinia.com\">kontakt@eafinia.com<\/a><\/p>\n\n\n\n<p>VII. Beschwerde bei der Aufsichtsbeh\u00f6rde Falls Sie der Ansicht sind, dass die Datenschutzbestimmungen verletzt wurden, haben Sie das Recht, eine Beschwerde bei der Aufsichtsbeh\u00f6rde einzureichen.<\/p>\n\n\n\n<p>VIII. Informationen \u00fcber die Verpflichtung\/Freiwilligkeit der Bereitstellung personenbezogener Daten Die Bereitstellung von Daten ist freiwillig, aber notwendig f\u00fcr die Bearbeitung und Ausf\u00fchrung der Anfrage\/Bestellung. Falls die oben genannten Daten nicht bereitgestellt werden, k\u00f6nnen die oben genannten T\u00e4tigkeiten nicht durchgef\u00fchrt werden.<\/p>\n\n\n\n<p>IX. Profiling personenbezogener Daten Die von Ihnen bereitgestellten Daten werden nicht\/zum Profiling verwendet. X. Herkunft der Daten Personenbezogene Daten werden von der betroffenen Person erhoben. Ihre Daten k\u00f6nnen auch aus allgemein zug\u00e4nglichen Quellen stammen (z. B. Datenbanken und Register).<\/p>\n\n<\/div><\/div>","protected":false},"excerpt":{"rendered":"<p>Informationen f\u00fcr Kunden der Beauty Partners Adrian Szmelter betreffend der Verarbeitung personenbezogener Daten Ab dem 25. Mai 2018 trat die Verordnung (EU) 2016\/679 des Europ\u00e4ischen Parlaments und des Rates vom 27. April 2016 zum Schutz nat\u00fcrlicher Personen bei der Verarbeitung personenbezogener Daten und zum freien Datenverkehr und zur Aufhebung der Richtlinie 95\/46\/EG (allgemeine Datenschutzverordnung), im &#8230; <a title=\"GDPR\" class=\"read-more\" href=\"https:\/\/eafinia.com\/de\/gdpr\/\" aria-label=\"Mehr Informationen \u00fcber GDPR\">Weiterlesen &#8230;<\/a><\/p>\n","protected":false},"author":1,"featured_media":0,"parent":0,"menu_order":0,"comment_status":"closed","ping_status":"closed","template":"","meta":{"_acf_changed":false,"inline_featured_image":false,"footnotes":""},"class_list":["post-53790","page","type-page","status-publish"],"acf":[],"_links":{"self":[{"href":"https:\/\/eafinia.com\/de\/wp-json\/wp\/v2\/pages\/53790","targetHints":{"allow":["GET"]}}],"collection":[{"href":"https:\/\/eafinia.com\/de\/wp-json\/wp\/v2\/pages"}],"about":[{"href":"https:\/\/eafinia.com\/de\/wp-json\/wp\/v2\/types\/page"}],"author":[{"embeddable":true,"href":"https:\/\/eafinia.com\/de\/wp-json\/wp\/v2\/users\/1"}],"replies":[{"embeddable":true,"href":"https:\/\/eafinia.com\/de\/wp-json\/wp\/v2\/comments?post=53790"}],"version-history":[{"count":2,"href":"https:\/\/eafinia.com\/de\/wp-json\/wp\/v2\/pages\/53790\/revisions"}],"predecessor-version":[{"id":54246,"href":"https:\/\/eafinia.com\/de\/wp-json\/wp\/v2\/pages\/53790\/revisions\/54246"}],"wp:attachment":[{"href":"https:\/\/eafinia.com\/de\/wp-json\/wp\/v2\/media?parent=53790"}],"curies":[{"name":"wp","href":"https:\/\/api.w.org\/{rel}","templated":true}]}}