{"id":53788,"date":"2023-06-24T23:28:47","date_gmt":"2023-06-24T21:28:47","guid":{"rendered":"https:\/\/eafinia.com\/?page_id=53788"},"modified":"2024-09-18T08:34:21","modified_gmt":"2024-09-18T06:34:21","slug":"datenschutzbestimmungen","status":"publish","type":"page","link":"https:\/\/eafinia.com\/de\/datenschutzbestimmungen\/","title":{"rendered":"Datenschutzbestimmungen"},"content":{"rendered":"<div class=\"gb-container gb-container-753dc4ea\"><div class=\"gb-inside-container\">\n\n<p><br><strong>Informationen f\u00fcr Kunden von Afinia Deutschland Adrian Szmelter <\/strong><\/p>\n\n\n\n<p><strong>Gesellschaft b\u00fcrgerlichen Rechts in Bezug auf die Verarbeitung personenbezogener Daten<\/strong><\/p>\n\n\n\n<h2 class=\"wp-block-heading\">Datenschutzbestimmungen<\/h2>\n\n\n\n<p>Willkommen auf der Website eafinia.com, die zu Afinia Deutschland Adrian Szmelter geh\u00f6rt. Der Zweck der hier vorgestellten Datenschutzerkl\u00e4rung ist es, die Art und Weise darzustellen, wie wir die Daten, die Sie bei der Nutzung unserer Website angeben, sammeln, verwenden und weitergeben. Bitte lesen Sie die gesamte Datenschutzrichtlinie, bevor Sie unsere Website nutzen und Daten bereitstellen. Afinia Deutschland Adrian Szmelter teilt mit, dass alle \u00fcber die Website erhaltenen Daten mit vorheriger Zustimmung der Person, auf die sich die Daten beziehen, in dem von dieser Person angegebenen Umfang verwendet werden.<\/p>\n\n\n\n<h2 class=\"wp-block-heading\">Sicherheit<\/h2>\n\n\n\n<p>Wir bem\u00fchen uns nach Kr\u00e4ften, personenbezogene Daten vor Verlust, Missbrauch, unbefugtem Zugriff, Offenlegung, \u00c4nderung oder Zerst\u00f6rung im Einklang mit geltendem Recht zu sch\u00fctzen. Es ist wichtig, daran zu denken, dass keine \u00dcbertragung von Informationen \u00fcber das Internet jemals v\u00f6llig sicher oder fehlerfrei ist. Insbesondere eine Kommunikation, die per E-Mail an oder von dieser Website gesendet wird, ist m\u00f6glicherweise nicht ausreichend sicher.<\/p>\n\n\n\n<h2 class=\"wp-block-heading\">Service-Nutzer<\/h2>\n\n\n\n<p>Afinia Deutschland Adrian Szmelter m\u00f6chte den Nutzern ihres Dienstes versichern, dass sie das Recht auf Privatsph\u00e4re und Schutz personenbezogener Daten respektiert. Wir gew\u00e4hrleisten den Schutz der Daten, die im Rahmen der Zusammenarbeit mit den Nutzern unseres Dienstes erhoben werden, in \u00dcbereinstimmung mit dem geltenden Recht und m\u00f6chten Sie daran erinnern, dass die Wirksamkeit dieses Schutzes auch von Ihnen abh\u00e4ngt. Bitte denken Sie immer daran, Ihre Passw\u00f6rter und Logins geheim zu halten und die entsprechenden Sicherheits- und Einstellungsm\u00f6glichkeiten f\u00fcr Internetoptionen zu nutzen.<\/p>\n\n\n\n<h2 class=\"wp-block-heading\">Sammeln von Informationen<\/h2>\n\n\n\n<p>Personenbezogene Daten werden gem\u00e4\u00df den Bestimmungen des Gesetzes zum Schutz personenbezogener Daten vom 29. August 1997 gesch\u00fctzt. Afinia Deutschland Adrian Szmelter verarbeitet Daten im Computersystem nur in dem Umfang, der mit den von den Nutzern der Dienstleistung akzeptierten Bedingungen \u00fcbereinstimmt.<\/p>\n\n\n\n<h2 class=\"wp-block-heading\">\u00c4nderungen der Datenschutzbestimmungen<\/h2>\n\n\n\n<p>Afinia Deutschland Adrian Szmelter wird Sie \u00fcber \u00c4nderungen der Datenschutzerkl\u00e4rung informieren, die sich aus \u00c4nderungen der polnischen Gesetzgebung, der Entwicklung von Internettechnologien oder der Entwicklung und Entstehung neuer Produkte und Dienstleistungen ergeben k\u00f6nnen. Diese Datenschutzrichtlinie wurde zuletzt am 16.05.2014 aktualisiert.<\/p>\n\n\n\n<h2 class=\"wp-block-heading\">Links zu anderen Websites<\/h2>\n\n\n\n<p>Die Website eafinia.com kann Links oder Verweise auf andere Websites enthalten, die nicht unter diese Datenschutzrichtlinie fallen. Wir empfehlen Ihnen, die entsprechenden Richtlinien f\u00fcr jede Website, die Sie besuchen, zu lesen.<\/p>\n\n\n\n<h2 class=\"wp-block-heading\">Kontaktformular<\/h2>\n\n\n\n<p>Die Nutzer der Website eafinia.com haben die M\u00f6glichkeit, Fragen zu stellen, Meinungen oder Vorschl\u00e4ge zu machen und die Mitarbeiter von Afinia Deutschland Adrian Szmelter zu kontaktieren. Afinia Deutschland Adrian Szmelter speichert die elektronische Korrespondenz mit den Nutzern des Dienstes, um Fragen bestm\u00f6glich und schnellstm\u00f6glich beantworten zu k\u00f6nnen. In dem Wunsch, Ihnen den h\u00f6chsten Servicestandard zu bieten, m\u00f6chten wir Sie \u00fcber die M\u00f6glichkeit informieren, Ihre Fragen und Anregungen an <a href=\"mailto:kontakt@eafinia.com\">kontakt@eafinia.com<\/a> oder \u00fcber das Formular zu richten.<\/p>\n\n\n\n<h2 class=\"wp-block-heading\">Cookies<\/h2>\n\n\n\n<p>Wenn Sie sich auf der Website bewegen, k\u00f6nnen bestimmte anonyme Informationen passiv (d.h. ohne dass Sie diese Informationen aktiv zur Verf\u00fcgung stellen) mit Hilfe verschiedener Technologien wie Cookies, Web-Tags oder Web-Beacons oder Website-Tracking (Protokolle, Server-Logs und Clickstream-Daten) gesammelt werden. Der von Ihnen verwendete Internetbrowser \u00fcbermittelt automatisch einige dieser anonymen Daten an diese Website, z.B. die URL einer Website, die Sie zuvor besucht haben, oder Ihre IP-Adresse und die Version des derzeit auf Ihrem Computer verwendeten Browsers. Diese Website kann auch \u00fcber Cookies und Internet-Tags oder Web-Beacons anonyme Informationen von Ihrem Computer sammeln. Die IP-Speichermechanismen, Cookies und andere \u00e4hnliche Technologien, die auf unserer Website verwendet werden, dienen dazu:<\/p>\n\n\n\n<p>a) Aufrechterhaltung Ihrer Sitzung, die den Inhalt Ihres Warenkorbs oder Ihre Anmeldedaten speichert. Das bedeutet, dass Sie Ihren Benutzernamen und Ihr Passwort nicht auf jeder Seite der Website erneut eingeben m\u00fcssen und dass bei jedem Besuch der Website der Inhalt Ihres Warenkorbs von Ihrem vorherigen Besuch verf\u00fcgbar ist.<\/p>\n\n\n\n<p>b) Anpassung des Dienstes &#8211; Bereitstellung des besten, an die Interessen des Kunden angepassten Inhalts.<\/p>\n\n\n\n<p>c) das Sammeln von Statistiken &#8211; um besser zu verstehen, wie die Benutzer die Website nutzen, so dass die Struktur, die Mechanismen und der Inhalt verbessert werden k\u00f6nnen.<\/p>\n\n\n\n<p>d) Erkennung des Ger\u00e4ts des Benutzers &#8211; um die Seiten entsprechend anzuzeigen, am besten geeignet f\u00fcr das Ger\u00e4t.<\/p>\n\n\n\n<p>e) Gew\u00e4hrleistung der Sicherheit, z.B. Authentifizierung innerhalb des Dienstes<\/p>\n\n\n\n<p>f) f\u00fcr Werbezwecke &#8211; um die Effektivit\u00e4t unserer Werbung zu untersuchen und um sie besser auf die Zielgruppe abstimmen zu k\u00f6nnen<\/p>\n\n\n\n<p>g) um die Benutzerfreundlichkeit unseres Dienstes zu verbessern.<\/p>\n\n\n\n<p>Sie k\u00f6nnen Ihren Browser so einstellen, dass Sie gewarnt werden, wenn ein Cookie gesendet wird, oder dass Cookies vollst\u00e4ndig blockiert werden, obwohl in letzterem Fall einige Funktionen dieser Website m\u00f6glicherweise nicht funktionieren. Wenn Sie unsere Website nutzen, ohne Cookies in Ihrem Browser zu deaktivieren, bedeutet dies, dass Cookies auf Ihrem Ger\u00e4t gespeichert werden.<\/p>\n\n\n\n<h2 class=\"wp-block-heading\">Deaktivieren von Cookies in Ihrem Browser<\/h2>\n\n\n\n<p>Wenn Sie das Gef\u00fchl haben, dass das Vorhandensein von Cookies Ihre Privatsph\u00e4re verletzt, k\u00f6nnen Sie diese jederzeit f\u00fcr eine bestimmte Website oder f\u00fcr alle Verbindungen Ihres Browsers im Allgemeinen deaktivieren.<\/p>\n\n\n\n<h3 class=\"wp-block-heading\">In dem Browser Mozilla Firefox<\/h3>\n\n\n\n<p>W\u00e4hlen Sie im Men\u00fc &#8220;Extras&#8221; die Option &#8220;Optionen&#8221; und dort die Registerkarte &#8220;Datenschutz&#8221;. Der Browser bietet Ihnen die M\u00f6glichkeit, auszuw\u00e4hlen, dass Sie \u00fcberhaupt nicht verfolgt werden m\u00f6chten oder einzelne Cookies von einzelnen Websites zu l\u00f6schen.<\/p>\n\n\n\n<h3 class=\"wp-block-heading\">Im Microsoft Internet Explorer<\/h3>\n\n\n\n<p>W\u00e4hlen Sie im Men\u00fc &#8220;Extras&#8221; die Option &#8220;Internetoptionen&#8221; und w\u00e4hlen Sie dort die Registerkarte &#8220;Datenschutz&#8221;. Sie k\u00f6nnen den speziellen Schieberegler verwenden, um den allgemeinen Grad der Privatsph\u00e4re einzustellen oder die Schaltfl\u00e4che &#8220;Websites&#8221; verwenden, um die Einstellungen einzelner Websites zu verwalten.<\/p>\n\n\n\n<h3 class=\"wp-block-heading\">Im Google Chrome-Browser<\/h3>\n\n\n\n<p>W\u00e4hlen Sie im Men\u00fc, das sich unter den drei horizontalen Strichen in der oberen rechten Ecke des Browsers verbirgt, &#8220;Extras&#8221; und dann &#8220;Browserdaten l\u00f6schen&#8230;&#8221;. Neben der Option, Cookies zu l\u00f6schen, gibt es einen Link &#8220;Weitere Informationen&#8221;, der zu einer detaillierten Beschreibung der Datenschutzfunktionen des Browsers f\u00fchrt.<\/p>\n\n\n\n<h3 class=\"wp-block-heading\">Im Opera-Browser<\/h3>\n\n\n\n<p>Verwenden Sie die Schaltfl\u00e4che &#8220;Opera&#8221; in der oberen linken Ecke, um das Men\u00fc zu \u00f6ffnen, und w\u00e4hlen Sie dort &#8220;Einstellungen&#8221; und dann &#8220;Browserverlauf l\u00f6schen&#8230;&#8221;. Neben der Option, bereits gesetzte Cookies zu l\u00f6schen, gibt es auch eine Schaltfl\u00e4che &#8220;Cookies verwalten&#8230;&#8221; die zu erweiterten Optionen f\u00fcr einzelne Websites f\u00fchrt.<\/p>\n\n\n\n<h3 class=\"wp-block-heading\">Im Apple Safari-Browser<\/h3>\n\n\n\n<p>W\u00e4hlen Sie im Men\u00fc &#8220;Safari&#8221; die Option &#8220;Einstellungen&#8221; und dort die Registerkarte &#8220;Datenschutz&#8221;. Dort finden Sie zahlreiche Optionen f\u00fcr Cookies.<\/p>\n\n\n\n<h3 class=\"wp-block-heading\">Auf Handys, Tablets und anderen mobilen Ger\u00e4ten<\/h3>\n\n\n\n<p>Jedes Handymodell kann diese Funktion anders handhaben. Daher empfehlen wir Ihnen, die Datenschutzoptionen in der Dokumentation auf der Website des Herstellers Ihres Mobiltelefons nachzuschlagen.<\/p>\n\n<\/div><\/div>","protected":false},"excerpt":{"rendered":"<p>Informationen f\u00fcr Kunden von Afinia Deutschland Adrian Szmelter Gesellschaft b\u00fcrgerlichen Rechts in Bezug auf die Verarbeitung personenbezogener Daten Datenschutzbestimmungen Willkommen auf der Website eafinia.com, die zu Afinia Deutschland Adrian Szmelter geh\u00f6rt. Der Zweck der hier vorgestellten Datenschutzerkl\u00e4rung ist es, die Art und Weise darzustellen, wie wir die Daten, die Sie bei der Nutzung unserer Website &#8230; <a title=\"Datenschutzbestimmungen\" class=\"read-more\" href=\"https:\/\/eafinia.com\/de\/datenschutzbestimmungen\/\" aria-label=\"Mehr Informationen \u00fcber Datenschutzbestimmungen\">Weiterlesen &#8230;<\/a><\/p>\n","protected":false},"author":1,"featured_media":0,"parent":0,"menu_order":0,"comment_status":"closed","ping_status":"open","template":"","meta":{"_acf_changed":false,"inline_featured_image":false,"footnotes":""},"class_list":["post-53788","page","type-page","status-publish"],"acf":[],"_links":{"self":[{"href":"https:\/\/eafinia.com\/de\/wp-json\/wp\/v2\/pages\/53788","targetHints":{"allow":["GET"]}}],"collection":[{"href":"https:\/\/eafinia.com\/de\/wp-json\/wp\/v2\/pages"}],"about":[{"href":"https:\/\/eafinia.com\/de\/wp-json\/wp\/v2\/types\/page"}],"author":[{"embeddable":true,"href":"https:\/\/eafinia.com\/de\/wp-json\/wp\/v2\/users\/1"}],"replies":[{"embeddable":true,"href":"https:\/\/eafinia.com\/de\/wp-json\/wp\/v2\/comments?post=53788"}],"version-history":[{"count":6,"href":"https:\/\/eafinia.com\/de\/wp-json\/wp\/v2\/pages\/53788\/revisions"}],"predecessor-version":[{"id":62961,"href":"https:\/\/eafinia.com\/de\/wp-json\/wp\/v2\/pages\/53788\/revisions\/62961"}],"wp:attachment":[{"href":"https:\/\/eafinia.com\/de\/wp-json\/wp\/v2\/media?parent=53788"}],"curies":[{"name":"wp","href":"https:\/\/api.w.org\/{rel}","templated":true}]}}