{"id":53782,"date":"2023-06-24T23:22:53","date_gmt":"2023-06-24T21:22:53","guid":{"rendered":"https:\/\/eafinia.com\/?page_id=53782"},"modified":"2023-06-24T23:22:55","modified_gmt":"2023-06-24T21:22:55","slug":"finanzierungshilfe","status":"publish","type":"page","link":"https:\/\/eafinia.com\/de\/finanzierungshilfe\/","title":{"rendered":"Finanzierungshilfe"},"content":{"rendered":"<div class=\"gb-container gb-container-de047a2a\"><div class=\"gb-inside-container\">\n<div class=\"gb-container gb-container-e97d2e4c\"><div class=\"gb-inside-container\">\n\n<figure class=\"gb-block-image gb-block-image-85099e1d\"><img loading=\"lazy\" decoding=\"async\" width=\"2560\" height=\"352\" class=\"gb-image gb-image-85099e1d\" src=\"https:\/\/eafinia.com\/wp-content\/uploads\/2022\/11\/FE_POIR_poziom_pl-1_rgb-scaled.jpg\" alt=\"\" title=\"FE_POIR_poziom_pl-1_rgb\" srcset=\"https:\/\/eafinia.com\/wp-content\/uploads\/2022\/11\/FE_POIR_poziom_pl-1_rgb-scaled.jpg 2560w, https:\/\/eafinia.com\/wp-content\/uploads\/2022\/11\/FE_POIR_poziom_pl-1_rgb-scaled-400x55.jpg 400w, https:\/\/eafinia.com\/wp-content\/uploads\/2022\/11\/FE_POIR_poziom_pl-1_rgb-scaled-600x83.jpg 600w, https:\/\/eafinia.com\/wp-content\/uploads\/2022\/11\/FE_POIR_poziom_pl-1_rgb-300x41.jpg 300w, https:\/\/eafinia.com\/wp-content\/uploads\/2022\/11\/FE_POIR_poziom_pl-1_rgb-1024x141.jpg 1024w, https:\/\/eafinia.com\/wp-content\/uploads\/2022\/11\/FE_POIR_poziom_pl-1_rgb-768x106.jpg 768w, https:\/\/eafinia.com\/wp-content\/uploads\/2022\/11\/FE_POIR_poziom_pl-1_rgb-1536x211.jpg 1536w, https:\/\/eafinia.com\/wp-content\/uploads\/2022\/11\/FE_POIR_poziom_pl-1_rgb-2048x282.jpg 2048w\" sizes=\"auto, (max-width: 2560px) 100vw, 2560px\" \/><\/figure>\n\n\n\n<h2 class=\"gb-headline gb-headline-d25688a5 gb-headline-text\">Projekt I<\/h2>\n\n\n\n<p>AFINIA Miros\u0142aw Szmelter \u0141ukasz Bia\u0142ecki Sp\u00f3\u0142ka Cywilna realizuje projekt dofinansowany z Funduszy Europejskich \u201eOpracowanie i wdro\u017cenie nowego projektu wzorniczego znacz\u0105co udoskonalonego podblatowego poch\u0142aniacza py\u0142u w firmie Afinia\u201d<\/p>\n\n\n\n<p>Celem projektu jest rozw\u00f3j przedsi\u0119biorstwa dzi\u0119ki opracowaniu przy wsp\u00f3\u0142pracy z projektantami nowego projektu wzorniczego podblatowego poch\u0142aniacza py\u0142u powstaj\u0105cego w trakcie zabieg\u00f3w piel\u0119gnacji paznokci. Efektem projektu b\u0119dzie wdro\u017cenie do produkcji znacz\u0105co udoskonalonego poch\u0142aniacza py\u0142u, o dodatkowych cechach i funkcjonalno\u015bciach, zmienionym kszta\u0142cie i wielko\u015bci, innej technologii wykonania.<\/p>\n\n\n\n<p>Dofinansowanie projektu z UE: 417 115,00 PLN<\/p>\n\n\n\n<p>Warto\u015b\u0107 projektu brutto: 970&nbsp;101,00 PLN<\/p>\n\n<\/div><\/div>\n\n<div class=\"gb-container gb-container-6f2b452c\"><div class=\"gb-inside-container\">\n\n<figure class=\"gb-block-image gb-block-image-8bb05c99\"><img loading=\"lazy\" decoding=\"async\" width=\"2560\" height=\"352\" class=\"gb-image gb-image-8bb05c99\" src=\"https:\/\/eafinia.com\/wp-content\/uploads\/2022\/11\/FE_POIR_poziom_pl-1_rgb-scaled.jpg\" alt=\"\" title=\"FE_POIR_poziom_pl-1_rgb\" srcset=\"https:\/\/eafinia.com\/wp-content\/uploads\/2022\/11\/FE_POIR_poziom_pl-1_rgb-scaled.jpg 2560w, https:\/\/eafinia.com\/wp-content\/uploads\/2022\/11\/FE_POIR_poziom_pl-1_rgb-scaled-400x55.jpg 400w, https:\/\/eafinia.com\/wp-content\/uploads\/2022\/11\/FE_POIR_poziom_pl-1_rgb-scaled-600x83.jpg 600w, https:\/\/eafinia.com\/wp-content\/uploads\/2022\/11\/FE_POIR_poziom_pl-1_rgb-300x41.jpg 300w, https:\/\/eafinia.com\/wp-content\/uploads\/2022\/11\/FE_POIR_poziom_pl-1_rgb-1024x141.jpg 1024w, https:\/\/eafinia.com\/wp-content\/uploads\/2022\/11\/FE_POIR_poziom_pl-1_rgb-768x106.jpg 768w, https:\/\/eafinia.com\/wp-content\/uploads\/2022\/11\/FE_POIR_poziom_pl-1_rgb-1536x211.jpg 1536w, https:\/\/eafinia.com\/wp-content\/uploads\/2022\/11\/FE_POIR_poziom_pl-1_rgb-2048x282.jpg 2048w\" sizes=\"auto, (max-width: 2560px) 100vw, 2560px\" \/><\/figure>\n\n\n\n<h2 class=\"gb-headline gb-headline-c5616a39 gb-headline-text\">Projekt II<\/h2>\n\n\n\n<p>Tytu\u0142 projektu: Promocja produktu marki Afinia poprzez udzia\u0142 w bran\u017cowym programie promocji<\/p>\n\n\n\n<p>Przedmiotem projektu jest udzia\u0142 Sp\u00f3\u0142ki AFINIA w bran\u017cowym programie promocji bran\u017cy Kosmetyk\u00f3w w celu promowania Marki Polskiej Gospodarki oraz marki produktowej AFINIA, kt\u00f3ra ma szans\u0119 sta\u0107 si\u0119 rozpoznawaln\u0105 przez klient\u00f3w zagranicznych. Promocja skierowana jest na perspektywiczny rynek Ukrainy.<\/p>\n\n\n\n<p>Zakres projektu pozostaje zgodny z zakresem dzia\u0142a\u0144 promocyjnych okre\u015blonych w Programie promocji bran\u017cy kosmetyk\u00f3w. Wnioskodawca zaplanowa\u0142 udzia\u0142 w czterech dzia\u0142aniach targowych i dw\u00f3ch misjach gospodarczych.<\/p>\n\n\n\n<p><strong>Planowane efekty<\/strong><\/p>\n\n\n\n<p>Spodziewane efekty, to podpisanie zagranicznych kontakt\u00f3w handlowych, zwi\u0119kszenie przychod\u00f3w ze sprzeda\u017cy nowego produktu: poch\u0142aniacza py\u0142u. Efekty te zostan\u0105 wykorzystane w dzia\u0142alno\u015bci przedsi\u0119biorstwa AFINIA, pozwol\u0105 na dalszy rozw\u00f3j przedsi\u0119biorstwa.<\/p>\n\n\n\n<p><strong>Warto\u015b\u0107 projektu:&nbsp;<\/strong>316 000,00 PLN<\/p>\n\n\n\n<p><strong>Wk\u0142ad Funduszy Europejskich:&nbsp;<\/strong>268 600,00 PLN<\/p>\n\n<\/div><\/div>\n\n<div class=\"gb-container gb-container-1d8f8083\"><div class=\"gb-inside-container\">\n\n<figure class=\"gb-block-image gb-block-image-409b3721\"><img loading=\"lazy\" decoding=\"async\" width=\"2560\" height=\"352\" class=\"gb-image gb-image-409b3721\" src=\"https:\/\/eafinia.com\/wp-content\/uploads\/2022\/11\/FE_POIR_poziom_pl-1_rgb-scaled.jpg\" alt=\"\" title=\"FE_POIR_poziom_pl-1_rgb\" srcset=\"https:\/\/eafinia.com\/wp-content\/uploads\/2022\/11\/FE_POIR_poziom_pl-1_rgb-scaled.jpg 2560w, https:\/\/eafinia.com\/wp-content\/uploads\/2022\/11\/FE_POIR_poziom_pl-1_rgb-scaled-400x55.jpg 400w, https:\/\/eafinia.com\/wp-content\/uploads\/2022\/11\/FE_POIR_poziom_pl-1_rgb-scaled-600x83.jpg 600w, https:\/\/eafinia.com\/wp-content\/uploads\/2022\/11\/FE_POIR_poziom_pl-1_rgb-300x41.jpg 300w, https:\/\/eafinia.com\/wp-content\/uploads\/2022\/11\/FE_POIR_poziom_pl-1_rgb-1024x141.jpg 1024w, https:\/\/eafinia.com\/wp-content\/uploads\/2022\/11\/FE_POIR_poziom_pl-1_rgb-768x106.jpg 768w, https:\/\/eafinia.com\/wp-content\/uploads\/2022\/11\/FE_POIR_poziom_pl-1_rgb-1536x211.jpg 1536w, https:\/\/eafinia.com\/wp-content\/uploads\/2022\/11\/FE_POIR_poziom_pl-1_rgb-2048x282.jpg 2048w\" sizes=\"auto, (max-width: 2560px) 100vw, 2560px\" \/><\/figure>\n\n\n\n<h2 class=\"gb-headline gb-headline-6851a0ff gb-headline-text\">Projekt III<\/h2>\n\n\n\n<p>Tytu\u0142 projektu: Zaprojektowanie i wdro\u017cenie do produkcji nowego poch\u0142aniacza py\u0142u powstaj\u0105cego w trakcie zabieg\u00f3w piel\u0119gnacyjnych st\u00f3p<\/p>\n\n\n\n<p>Przedmiotem projektu jest przeprowadzenie profesjonalnego procesu wzorniczego i wdro\u017cenie w jego wyniku do produkcji nowego produktu \u2013 poch\u0142aniacza py\u0142u do monta\u017cu na pod\u0142odze, s\u0142u\u017c\u0105cego do poch\u0142aniania i filtrowania py\u0142u powstaj\u0105cego w trakcie zabieg\u00f3w piel\u0119gnacyjnych st\u00f3p. Rezultaty projektu zostan\u0105 wykorzystane w dzia\u0142alno\u015bci Wnioskodawcy i pozwol\u0105 na rozw\u00f3j firmy.<\/p>\n\n\n\n<p>Spodziewane efekty to wdro\u017cenie jednego projektu wzorniczego nowego produktu, rozpocz\u0119cie wsp\u00f3\u0142pracy z profesjonalnymi projektantami, co pozwoli na lepsze wykorzystanie posiadanie przez Sp\u00f3\u0142k\u0119 potencja\u0142u, wzbogacenie jej oferty i zaoferowanie nowych produkt\u00f3w.<\/p>\n\n\n\n<p><strong>Warto\u015b\u0107 projektu:&nbsp;<\/strong>1&nbsp;595 310,00 PLN<\/p>\n\n\n\n<p><strong>Wk\u0142ad Funduszy Europejskich:&nbsp;<\/strong>782 450,00 PLN<\/p>\n\n<\/div><\/div>\n<\/div><\/div>","protected":false},"excerpt":{"rendered":"<p>Projekt I AFINIA Miros\u0142aw Szmelter \u0141ukasz Bia\u0142ecki Sp\u00f3\u0142ka Cywilna realizuje projekt dofinansowany z Funduszy Europejskich \u201eOpracowanie i wdro\u017cenie nowego projektu wzorniczego znacz\u0105co udoskonalonego podblatowego poch\u0142aniacza py\u0142u w firmie Afinia\u201d Celem projektu jest rozw\u00f3j przedsi\u0119biorstwa dzi\u0119ki opracowaniu przy wsp\u00f3\u0142pracy z projektantami nowego projektu wzorniczego podblatowego poch\u0142aniacza py\u0142u powstaj\u0105cego w trakcie zabieg\u00f3w piel\u0119gnacji paznokci. Efektem projektu b\u0119dzie &#8230; <a title=\"Finanzierungshilfe\" class=\"read-more\" href=\"https:\/\/eafinia.com\/de\/finanzierungshilfe\/\" aria-label=\"Mehr Informationen \u00fcber Finanzierungshilfe\">Weiterlesen &#8230;<\/a><\/p>\n","protected":false},"author":1,"featured_media":0,"parent":0,"menu_order":0,"comment_status":"closed","ping_status":"closed","template":"","meta":{"_acf_changed":false,"inline_featured_image":false,"footnotes":""},"class_list":["post-53782","page","type-page","status-publish"],"acf":[],"_links":{"self":[{"href":"https:\/\/eafinia.com\/de\/wp-json\/wp\/v2\/pages\/53782","targetHints":{"allow":["GET"]}}],"collection":[{"href":"https:\/\/eafinia.com\/de\/wp-json\/wp\/v2\/pages"}],"about":[{"href":"https:\/\/eafinia.com\/de\/wp-json\/wp\/v2\/types\/page"}],"author":[{"embeddable":true,"href":"https:\/\/eafinia.com\/de\/wp-json\/wp\/v2\/users\/1"}],"replies":[{"embeddable":true,"href":"https:\/\/eafinia.com\/de\/wp-json\/wp\/v2\/comments?post=53782"}],"version-history":[{"count":2,"href":"https:\/\/eafinia.com\/de\/wp-json\/wp\/v2\/pages\/53782\/revisions"}],"predecessor-version":[{"id":67761,"href":"https:\/\/eafinia.com\/de\/wp-json\/wp\/v2\/pages\/53782\/revisions\/67761"}],"wp:attachment":[{"href":"https:\/\/eafinia.com\/de\/wp-json\/wp\/v2\/media?parent=53782"}],"curies":[{"name":"wp","href":"https:\/\/api.w.org\/{rel}","templated":true}]}}