{"id":53775,"date":"2023-06-24T23:17:21","date_gmt":"2023-06-24T21:17:21","guid":{"rendered":"https:\/\/eafinia.com\/?page_id=53775"},"modified":"2023-06-25T21:20:53","modified_gmt":"2023-06-25T19:20:53","slug":"warum-afinia","status":"publish","type":"page","link":"https:\/\/eafinia.com\/de\/warum-afinia\/","title":{"rendered":"Warum Afinia"},"content":{"rendered":"<div class=\"gb-container gb-container-0114c43a\"><div class=\"gb-inside-container\">\n\n<p class=\"gb-headline gb-headline-0172b492 gb-headline-text\">Afinia ist vor allem ein f\u00fchrender Hersteller von Staubabsaugungen und hochwertigen Kosmetikm\u00f6bel. Das Unternehmen ist seit 2013 in Posen t\u00e4tig. Im Laufe der Zeit haben wir unser Sortiment mit vielen n\u00fctzlichem Zubeh\u00f6r f\u00fcr die Arbeit einer Nagelstylistin weiterentwickelt. Jedes Jahr werden die Produkte verbessert und neue Versionen erscheinen. Afinia arbeitet mit Profis zusammen. Alle angebotenen Produkte unterliegen einer strengen Qualit\u00e4tskontrolle und werden von Nagelstylisten strengstens \u00fcberpr\u00fcft.<\/p>\n\n<\/div><\/div>\n\n<div class=\"gb-container gb-container-27d9b793 bg-why-leaf\"><div class=\"gb-inside-container\">\n\n<h2 class=\"gb-headline gb-headline-1df5a67b gb-headline-text\">Eigene Produktion<\/h2>\n\n<\/div><\/div>\n\n<div class=\"gb-container gb-container-254b5a90\"><div class=\"gb-inside-container\">\n\n<p class=\"gb-headline gb-headline-34cc177f gb-headline-text\">Wir haben unsere eigene Produktionshalle in Polen. So k\u00f6nnen wir in jeder Phase Einfluss auf die Produktion und Gestaltung unserer M\u00f6bel nehmen. Manik\u00fcrtische m\u00fcssen aus chemikalienbest\u00e4ndigen Materialien hergestellt werden, was bei der Genehmigung der endg\u00fcltigen Entw\u00fcrfe vor der Produktion immer eine Priorit\u00e4t ist. Die hochwertigen Produkte von Afinia sind in Tausenden von Manik\u00fcresalons in Polen und im Ausland zu finden. Jeden Tag erreichen uns in den sozialen Medien positive R\u00fcckmeldungen von weiteren zufriedenen Kunden von Afinia. <\/p>\n\n\n\n<p class=\"gb-headline gb-headline-d3ca365e gb-headline-text\">Beratungen finden in jeder Phase des Produktdesigns mit Spezialisten auf einem bestimmten Gebiet statt &#8211; dies gilt sowohl f\u00fcr Materialien, die in den Ger\u00e4ten (z.B. Motoren, Filter) verwendet werden, als auch f\u00fcr die Pr\u00fcfung von Fertigprodukten oder deren Ergonomie.<\/p>\n\n\n\n<p class=\"gb-headline gb-headline-bb2a8ec1 gb-headline-text\">Es ist unsere Leidenschaft, Produkte anzubieten, die nicht nur sch\u00f6n und praktisch sind, sondern auch das Leben verbessern. Wenn wir einen neuen Tisch oder eine neue Staubabsaugung entwickeln, verlassen wir uns auf die Meinung unserer Kunden, ziehen unsere Schl\u00fcsse und f\u00fchren L\u00f6sungen ein, die den Erwartungen der Stylisten entsprechen. Wir waren das erste polnische Unternehmen, das sich um die Gesundheit seiner Kunden gek\u00fcmmert hat, indem wir die Staubabsaugung Afinia NDC 1000 angeboten haben.<\/p>\n\n<\/div><\/div>\n\n<div class=\"gb-container gb-container-e63f02e5\"><div class=\"gb-inside-container\">\n\n<figure class=\"wp-block-embed is-type-video is-provider-youtube wp-block-embed-youtube wp-embed-aspect-16-9 wp-has-aspect-ratio\"><div class=\"wp-block-embed__wrapper\">\n<iframe loading=\"lazy\" title=\"Procesy produkcyjne sto\u0142\u00f3w kosmetycznych AFINIA\" width=\"1200\" height=\"675\" src=\"https:\/\/www.youtube.com\/embed\/b8QQk6j-dAg?feature=oembed\" frameborder=\"0\" allow=\"accelerometer; autoplay; clipboard-write; encrypted-media; gyroscope; picture-in-picture; web-share\" allowfullscreen><\/iframe>\n<\/div><\/figure>\n\n<\/div><\/div>\n\n<div class=\"gb-container gb-container-8d0457f5\"><div class=\"gb-inside-container\">\n<div class=\"gb-grid-wrapper gb-grid-wrapper-5065606b\">\n<div class=\"gb-grid-column gb-grid-column-810d5fda\"><div class=\"gb-container gb-container-810d5fda\"><div class=\"gb-inside-container\">\n<div class=\"gb-container gb-container-025428c9\"><div class=\"gb-inside-container\">\n\n<div class=\"gb-headline gb-headline-9f3a3d7f gb-headline-text\">Sorgen Sie f\u00fcr Ihre eigene Gesundheit und die Ihrer Kunden, indem Sie sch\u00e4dlichen Staub beseitigen.<\/div>\n\n<\/div><\/div>\n\n\n<figure class=\"gb-block-image gb-block-image-705cb990\"><img loading=\"lazy\" decoding=\"async\" width=\"978\" height=\"482\" class=\"gb-image gb-image-705cb990\" src=\"https:\/\/eafinia.com\/wp-content\/uploads\/2022\/11\/why_afinia_1.jpg\" alt=\"\" title=\"why_afinia_1\" srcset=\"https:\/\/eafinia.com\/wp-content\/uploads\/2022\/11\/why_afinia_1.jpg 978w, https:\/\/eafinia.com\/wp-content\/uploads\/2022\/11\/why_afinia_1-400x197.jpg 400w, https:\/\/eafinia.com\/wp-content\/uploads\/2022\/11\/why_afinia_1-600x296.jpg 600w, https:\/\/eafinia.com\/wp-content\/uploads\/2022\/11\/why_afinia_1-300x148.jpg 300w, https:\/\/eafinia.com\/wp-content\/uploads\/2022\/11\/why_afinia_1-768x379.jpg 768w\" sizes=\"auto, (max-width: 978px) 100vw, 978px\" \/><\/figure>\n\n<\/div><\/div><\/div>\n\n<div class=\"gb-grid-column gb-grid-column-62ad5933\"><div class=\"gb-container gb-container-62ad5933\"><div class=\"gb-inside-container\">\n\n<p class=\"gb-headline gb-headline-76dbb7f8 gb-headline-text\">Wie haben wir das erreicht? Die Staubabsaugung Afinia ist mit zuverl\u00e4ssigen japanischen Motoren ausgestattet, die eine starke Absaugung w\u00e4hrend der Behandlung gew\u00e4hrleistet (270 m3 pro Betriebsstunde). Es ist diese Leistung, die die Staubabsaugung auf dem Markt auszeichnet und sich durch ihre Effizienz bew\u00e4hrt. Ein Polyester- oder Kohlefilter sorgt daf\u00fcr, dass der Staub zur\u00fcckgehalten und nicht herumgewirbelt wird (wie bei vielen anderen verf\u00fcgbaren Staubabsaugungen). Diese Absaugung wird Ihr Staubproblem wirklich l\u00f6sen und beseitigen. Dies wird von unseren zufriedenen Kunden, den Nagelstylisten, in den bereitwillig ge\u00e4u\u00dferten positiven R\u00fcckmeldungen best\u00e4tigt.<\/p>\n\n\n\n<p class=\"gb-headline gb-headline-f38dbb13 gb-headline-text\">Tausende von Manik\u00fcre-Salons und anerkannte Nagelstylisten wie Marzena Kanclerska &#8211; Inhaberin der renommierten NailSpa-Salons in Warschau, Paulina Pastuszak, eine bekannte Nagelstyling-Ausbilderin, oder Pablo Rozz, ein mehrfacher Nagelstyling-Meister in Polen und im Ausland, sch\u00e4tzen uns.<\/p>\n\n\n\n<p class=\"gb-headline gb-headline-a0de2fba gb-headline-text\">K\u00fcmmern Sie sich um Ihre Kunden und bem\u00fchen Sie sich, ihnen einen erstklassigen Service zu bieten? Dazu geh\u00f6rt auf jeden Fall die Staubabsaugung von Afinia, die sich um Ihre Gesundheit und die Ihrer Kunden k\u00fcmmert: Das Einatmen von Nagelstaub ist sch\u00e4dlich f\u00fcr die Lunge, die Bindehaut der Augen, verursacht oft allergische Reaktionen und der Staub setzt sich w\u00e4hrend der Behandlung \u00fcberall ab.<\/p>\n\n\n\n<p class=\"gb-headline gb-headline-0c615e13 gb-headline-text\">Besch\u00e4ftigen Sie Mitarbeiter? Mit den Staubabsaugungen von Afinia bieten Sie ihnen einen sauberen und professionellen Arbeitsplatz und sorgen gleichzeitig f\u00fcr ihre Gesundheit.<\/p>\n\n<\/div><\/div><\/div>\n<\/div>\n<\/div><\/div>\n\n<div class=\"gb-container gb-container-f73e71f6\"><div class=\"gb-inside-container\">\n\n<h2 class=\"gb-headline gb-headline-5e3f0ead gb-headline-text\">Was macht unsere Staubabsaugung so besonders?<\/h2>\n\n<\/div><\/div>\n\n<div class=\"gb-container gb-container-91936ff6\"><div class=\"gb-inside-container\">\n<div class=\"gb-grid-wrapper gb-grid-wrapper-1dfa6af1\">\n<div class=\"gb-grid-column gb-grid-column-aaf1013b\"><div class=\"gb-container gb-container-aaf1013b\"><div class=\"gb-inside-container\">\n<div class=\"gb-container gb-container-08d635c7 cw-left-half-border relative\"><div class=\"gb-inside-container\">\n\n<h3 class=\"gb-headline gb-headline-0e41a501 gb-headline-text\">Funktionalit\u00e4t und Einfachheit<\/h3>\n\n\n\n<p class=\"gb-headline gb-headline-98cd0600 gb-headline-text\">Die Bedienung des Ger\u00e4ts ist bequem f\u00fcr Nagelstylisten und unumg\u00e4nglich f\u00fcr Salonkunden.<\/p>\n\n<\/div><\/div>\n\n<div class=\"gb-container gb-container-4fd3314a cw-left-half-border relative\"><div class=\"gb-inside-container\">\n\n<h3 class=\"gb-headline gb-headline-a7ec018a gb-headline-text\">Hohe Qualit\u00e4t und Liebe zum Detail<\/h3>\n\n\n\n<p class=\"gb-headline gb-headline-0e8e7419 gb-headline-text\">Hohe Verarbeitungsqualit\u00e4t: ergonomische Drehkn\u00f6pfe und Tasten, bruchsichere Materialien.<\/p>\n\n<\/div><\/div>\n<\/div><\/div><\/div>\n\n<div class=\"gb-grid-column gb-grid-column-b0980763\"><div class=\"gb-container gb-container-b0980763 cw-left-half-border relative\"><div class=\"gb-inside-container\">\n\n<h3 class=\"gb-headline gb-headline-ca7dd6de gb-headline-text\">Design und \u00c4sthetik<\/h3>\n\n\n\n<p class=\"gb-headline gb-headline-795caaac gb-headline-text\">Vergessen Sie nicht die \u00e4sthetische Seite Ihres Salons: Afinia wird diskret unter dem Tisch montiert, es nimmt keinen wertvollen Platz auf dem Schreibtisch ein, an dem Sie arbeiten, nur das runde Edelstahlgitter ist von oben sichtbar. Es ist m\u00f6glich, die Staubabsaugung in fast jeden Tisch einzubauen &#8211; Afinia wird mit 4 Schrauben an der Unterseite der Tischplatte befestigt und f\u00fcgt sich nahtlos in das Design Ihres Salons ein.<\/p>\n\n<\/div><\/div><\/div>\n\n<div class=\"gb-grid-column gb-grid-column-ac678025\"><div class=\"gb-container gb-container-ac678025 cw-left-half-border relative\"><div class=\"gb-inside-container\">\n\n<h3 class=\"gb-headline gb-headline-7bc1bbc7 gb-headline-text\">Stummschaltung<\/h3>\n\n\n\n<p class=\"gb-headline gb-headline-2eb126f3 gb-headline-text\">Die neueste Version der Staubabsaugung Afinia NDC 1000 wurde in Zusammenarbeit mit einem Akustiker entwickelt, der das Ger\u00e4t so leise wie m\u00f6glich konzipiert hat.<\/p>\n\n<\/div><\/div><\/div>\n<\/div>\n<\/div><\/div>\n\n<div class=\"gb-container gb-container-46fca864\"><div class=\"gb-inside-container\">\n\n\n<\/div><\/div>\n\n<div class=\"gb-container gb-container-9f5b6d76\"><div class=\"gb-inside-container\">\n\n<h2 class=\"gb-headline gb-headline-aba8313a gb-headline-text\">Lernen Sie unsere Produkte kennen<\/h2>\n\n<\/div><\/div>\n\n<div class=\"gb-container gb-container-ea0b3979\"><div class=\"gb-inside-container\">\n<div class=\"gb-grid-wrapper gb-grid-wrapper-44621a4d\">\n<div class=\"gb-grid-column gb-grid-column-f47f0ed0\"><div class=\"gb-container gb-container-f47f0ed0\"><a class=\"gb-container-link\" href=\"\/de\/shop\/?_kategoria=staubabsaugung\"><\/a><div class=\"gb-inside-container\">\n\n<figure class=\"gb-block-image gb-block-image-ce627c8d\"><img loading=\"lazy\" decoding=\"async\" width=\"1024\" height=\"683\" class=\"gb-image gb-image-ce627c8d\" src=\"https:\/\/eafinia.com\/wp-content\/uploads\/2022\/11\/why_afinia_5-1024x683.jpg\" alt=\"\" title=\"why_afinia_5\" srcset=\"https:\/\/eafinia.com\/wp-content\/uploads\/2022\/11\/why_afinia_5-1024x683.jpg 1024w, https:\/\/eafinia.com\/wp-content\/uploads\/2022\/11\/why_afinia_5-400x267.jpg 400w, https:\/\/eafinia.com\/wp-content\/uploads\/2022\/11\/why_afinia_5-600x400.jpg 600w, https:\/\/eafinia.com\/wp-content\/uploads\/2022\/11\/why_afinia_5-300x200.jpg 300w, https:\/\/eafinia.com\/wp-content\/uploads\/2022\/11\/why_afinia_5-768x512.jpg 768w, https:\/\/eafinia.com\/wp-content\/uploads\/2022\/11\/why_afinia_5.jpg 1200w\" sizes=\"auto, (max-width: 1024px) 100vw, 1024px\" \/><\/figure>\n\n\n\n<h4 class=\"gb-headline gb-headline-aaaf355d gb-headline-text\">STAUBABSAUGUNG<\/h4>\n\n\n<div class=\"gb-button-wrapper gb-button-wrapper-bda27841\">\n\n<a class=\"gb-button gb-button-f3787a09 gb-button-text\" href=\"\/sklep\/?_kategoria=pochlaniacze-pylu\">Mehr ><\/a>\n\n<\/div>\n<\/div><\/div><\/div>\n\n<div class=\"gb-grid-column gb-grid-column-27d8faa9\"><div class=\"gb-container gb-container-27d8faa9\"><a class=\"gb-container-link\" href=\"\/de\/shop\/?_kategoria=nageltisch\"><\/a><div class=\"gb-inside-container\">\n\n<figure class=\"gb-block-image gb-block-image-7ee8530c\"><img loading=\"lazy\" decoding=\"async\" width=\"1024\" height=\"683\" class=\"gb-image gb-image-7ee8530c\" src=\"https:\/\/eafinia.com\/wp-content\/uploads\/2022\/10\/Art-Deco-Afinia-w-salonie-nr2-1024x683.jpg\" alt=\"\" title=\"Art-Deco-Afinia-w-salonie-nr2\" srcset=\"https:\/\/eafinia.com\/wp-content\/uploads\/2022\/10\/Art-Deco-Afinia-w-salonie-nr2-1024x683.jpg 1024w, https:\/\/eafinia.com\/wp-content\/uploads\/2022\/10\/Art-Deco-Afinia-w-salonie-nr2-400x267.jpg 400w, https:\/\/eafinia.com\/wp-content\/uploads\/2022\/10\/Art-Deco-Afinia-w-salonie-nr2-600x400.jpg 600w, https:\/\/eafinia.com\/wp-content\/uploads\/2022\/10\/Art-Deco-Afinia-w-salonie-nr2-300x200.jpg 300w, https:\/\/eafinia.com\/wp-content\/uploads\/2022\/10\/Art-Deco-Afinia-w-salonie-nr2-768x512.jpg 768w, https:\/\/eafinia.com\/wp-content\/uploads\/2022\/10\/Art-Deco-Afinia-w-salonie-nr2.jpg 1200w\" sizes=\"auto, (max-width: 1024px) 100vw, 1024px\" \/><\/figure>\n\n\n\n<h4 class=\"gb-headline gb-headline-2cebad90 gb-headline-text\">NAGELTISCH<\/h4>\n\n\n<div class=\"gb-button-wrapper gb-button-wrapper-08298408\">\n\n<a class=\"gb-button gb-button-34c10612 gb-button-text\" href=\"\/sklep\/?_kategoria=stoly-kosmetyczne\">Mehr ><\/a>\n\n<\/div>\n<\/div><\/div><\/div>\n\n<div class=\"gb-grid-column gb-grid-column-2d38252f\"><div class=\"gb-container gb-container-2d38252f\"><a class=\"gb-container-link\" href=\"\/de\/shop\/?_kategoria=zubehor\"><\/a><div class=\"gb-inside-container\">\n\n<figure class=\"gb-block-image gb-block-image-ef7fe355\"><img loading=\"lazy\" decoding=\"async\" width=\"1200\" height=\"800\" class=\"gb-image gb-image-ef7fe355\" src=\"https:\/\/eafinia.com\/wp-content\/uploads\/2022\/11\/why_afinia_6.jpg\" alt=\"\" title=\"why_afinia_6\" srcset=\"https:\/\/eafinia.com\/wp-content\/uploads\/2022\/11\/why_afinia_6.jpg 1200w, https:\/\/eafinia.com\/wp-content\/uploads\/2022\/11\/why_afinia_6-400x267.jpg 400w, https:\/\/eafinia.com\/wp-content\/uploads\/2022\/11\/why_afinia_6-600x400.jpg 600w, https:\/\/eafinia.com\/wp-content\/uploads\/2022\/11\/why_afinia_6-300x200.jpg 300w, https:\/\/eafinia.com\/wp-content\/uploads\/2022\/11\/why_afinia_6-1024x683.jpg 1024w, https:\/\/eafinia.com\/wp-content\/uploads\/2022\/11\/why_afinia_6-768x512.jpg 768w\" sizes=\"auto, (max-width: 1200px) 100vw, 1200px\" \/><\/figure>\n\n\n\n<h4 class=\"gb-headline gb-headline-dc0f3a0f gb-headline-text\">ZUBEH\u00d6R<\/h4>\n\n\n<div class=\"gb-button-wrapper gb-button-wrapper-7b46f137\">\n\n<a class=\"gb-button gb-button-3a95eed7 gb-button-text\" href=\"\/sklep\/?_kategoria=akcesoria\">Mehr ><\/a>\n\n<\/div>\n<\/div><\/div><\/div>\n<\/div>\n<\/div><\/div>","protected":false},"excerpt":{"rendered":"<p>Afinia ist vor allem ein f\u00fchrender Hersteller von Staubabsaugungen und hochwertigen Kosmetikm\u00f6bel. Das Unternehmen ist seit 2013 in Posen t\u00e4tig. Im Laufe der Zeit haben wir unser Sortiment mit vielen n\u00fctzlichem Zubeh\u00f6r f\u00fcr die Arbeit einer Nagelstylistin weiterentwickelt. Jedes Jahr werden die Produkte verbessert und neue Versionen erscheinen. Afinia arbeitet mit Profis zusammen. Alle angebotenen &#8230; <a title=\"Warum Afinia\" class=\"read-more\" href=\"https:\/\/eafinia.com\/de\/warum-afinia\/\" aria-label=\"Mehr Informationen \u00fcber Warum Afinia\">Weiterlesen &#8230;<\/a><\/p>\n","protected":false},"author":1,"featured_media":0,"parent":0,"menu_order":0,"comment_status":"closed","ping_status":"closed","template":"","meta":{"_acf_changed":false,"inline_featured_image":false,"footnotes":""},"class_list":["post-53775","page","type-page","status-publish"],"acf":[],"_links":{"self":[{"href":"https:\/\/eafinia.com\/de\/wp-json\/wp\/v2\/pages\/53775","targetHints":{"allow":["GET"]}}],"collection":[{"href":"https:\/\/eafinia.com\/de\/wp-json\/wp\/v2\/pages"}],"about":[{"href":"https:\/\/eafinia.com\/de\/wp-json\/wp\/v2\/types\/page"}],"author":[{"embeddable":true,"href":"https:\/\/eafinia.com\/de\/wp-json\/wp\/v2\/users\/1"}],"replies":[{"embeddable":true,"href":"https:\/\/eafinia.com\/de\/wp-json\/wp\/v2\/comments?post=53775"}],"version-history":[{"count":2,"href":"https:\/\/eafinia.com\/de\/wp-json\/wp\/v2\/pages\/53775\/revisions"}],"predecessor-version":[{"id":53868,"href":"https:\/\/eafinia.com\/de\/wp-json\/wp\/v2\/pages\/53775\/revisions\/53868"}],"wp:attachment":[{"href":"https:\/\/eafinia.com\/de\/wp-json\/wp\/v2\/media?parent=53775"}],"curies":[{"name":"wp","href":"https:\/\/api.w.org\/{rel}","templated":true}]}}